{"id":503,"date":"2025-04-16T12:35:42","date_gmt":"2025-04-16T10:35:42","guid":{"rendered":"https:\/\/foixmobilites.org\/?page_id=503"},"modified":"2025-04-16T12:35:43","modified_gmt":"2025-04-16T10:35:43","slug":"nos-actions","status":"publish","type":"page","link":"https:\/\/foixmobilites.org\/index.php\/nos-actions\/","title":{"rendered":"Nos actions"},"content":{"rendered":"\n<p>Foix maison des mob c&rsquo;est avant tout un Atelier v\u00e9lo, local physique de rencontre, d&rsquo;apprentissage et de convivialit\u00e9. Mais ce sont aussi des \u00e9v\u00e9nements, des actions hors les murs, de la location de mat\u00e9riel&#8230;<\/p>\n","protected":false},"excerpt":{"rendered":"<p>Foix maison des mob c&rsquo;est avant tout un Atelier v\u00e9lo, local physique de rencontre, d&rsquo;apprentissage et de convivialit\u00e9. Mais ce sont aussi des \u00e9v\u00e9nements, des actions hors les murs, de la location de mat\u00e9riel&#8230;<\/p>\n","protected":false},"author":1,"featured_media":0,"parent":0,"menu_order":0,"comment_status":"closed","ping_status":"closed","template":"","meta":{"_themeisle_gutenberg_block_has_review":false,"footnotes":""},"class_list":["post-503","page","type-page","status-publish","hentry"],"_links":{"self":[{"href":"https:\/\/foixmobilites.org\/index.php\/wp-json\/wp\/v2\/pages\/503","targetHints":{"allow":["GET"]}}],"collection":[{"href":"https:\/\/foixmobilites.org\/index.php\/wp-json\/wp\/v2\/pages"}],"about":[{"href":"https:\/\/foixmobilites.org\/index.php\/wp-json\/wp\/v2\/types\/page"}],"author":[{"embeddable":true,"href":"https:\/\/foixmobilites.org\/index.php\/wp-json\/wp\/v2\/users\/1"}],"replies":[{"embeddable":true,"href":"https:\/\/foixmobilites.org\/index.php\/wp-json\/wp\/v2\/comments?post=503"}],"version-history":[{"count":1,"href":"https:\/\/foixmobilites.org\/index.php\/wp-json\/wp\/v2\/pages\/503\/revisions"}],"predecessor-version":[{"id":504,"href":"https:\/\/foixmobilites.org\/index.php\/wp-json\/wp\/v2\/pages\/503\/revisions\/504"}],"wp:attachment":[{"href":"https:\/\/foixmobilites.org\/index.php\/wp-json\/wp\/v2\/media?parent=503"}],"curies":[{"name":"wp","href":"https:\/\/api.w.org\/{rel}","templated":true}]}}